{"id":132,"date":"2014-09-05T08:17:34","date_gmt":"2014-09-05T07:17:34","guid":{"rendered":"https:\/\/recifs.net\/?page_id=2"},"modified":"2026-01-21T16:18:45","modified_gmt":"2026-01-21T15:18:45","slug":"page-d-exemple","status":"publish","type":"page","link":"https:\/\/recifs.net\/","title":{"rendered":"Accueil du site R\u00e9cifs"},"content":{"rendered":"\t\t<div data-elementor-type=\"wp-page\" data-elementor-id=\"132\" class=\"elementor elementor-132\">\n\t\t\t\t\t\t<section class=\"elementor-section elementor-top-section elementor-element elementor-element-a7eb002 elementor-section-boxed elementor-section-height-default elementor-section-height-default\" data-id=\"a7eb002\" data-element_type=\"section\" data-e-type=\"section\">\n\t\t\t\t\t\t<div class=\"elementor-container elementor-column-gap-default\">\n\t\t\t\t\t<div class=\"elementor-column elementor-col-100 elementor-top-column elementor-element elementor-element-336fd20\" data-id=\"336fd20\" data-element_type=\"column\" data-e-type=\"column\">\n\t\t\t<div class=\"elementor-widget-wrap elementor-element-populated\">\n\t\t\t\t\t\t<div class=\"elementor-element elementor-element-615d2ef elementor-invisible elementor-widget elementor-widget-heading\" data-id=\"615d2ef\" data-element_type=\"widget\" data-e-type=\"widget\" data-settings=\"{&quot;_animation&quot;:&quot;fadeInLeft&quot;}\" data-widget_type=\"heading.default\">\n\t\t\t\t\t<h2 class=\"elementor-heading-title elementor-size-default\">Bienvenue sur mon site consacr\u00e9 \u00e0 l'aquariophilie marine et r\u00e9cifale.<\/h2>\t\t\t\t<\/div>\n\t\t\t\t\t<\/div>\n\t\t<\/div>\n\t\t\t\t\t<\/div>\n\t\t<\/section>\n\t\t\t\t<section class=\"elementor-section elementor-top-section elementor-element elementor-element-63ec91d3 elementor-section-boxed elementor-section-height-default elementor-section-height-default\" data-id=\"63ec91d3\" data-element_type=\"section\" data-e-type=\"section\">\n\t\t\t\t\t\t<div class=\"elementor-container elementor-column-gap-default\">\n\t\t\t\t\t<div class=\"elementor-column elementor-col-100 elementor-top-column elementor-element elementor-element-49974818\" data-id=\"49974818\" data-element_type=\"column\" data-e-type=\"column\">\n\t\t\t<div class=\"elementor-widget-wrap elementor-element-populated\">\n\t\t\t\t\t\t<div class=\"elementor-element elementor-element-a78a103 elementor-widget elementor-widget-text-editor\" data-id=\"a78a103\" data-element_type=\"widget\" data-e-type=\"widget\" data-widget_type=\"text-editor.default\">\n\t\t\t\t\t\t\t\t\t<p style=\"text-align: center;\">\u00a0<\/p>\n<p style=\"text-align: center;\">Ce site est destin\u00e9 \u00e0 permettre des \u00e9changes entre aquariophiles ou passionn\u00e9s par la vie r\u00e9cifale.<\/p>\n<p><\/p>\t\t\t\t\t\t\t\t<\/div>\n\t\t\t\t\t<\/div>\n\t\t<\/div>\n\t\t\t\t\t<\/div>\n\t\t<\/section>\n\t\t\t\t<section class=\"elementor-section elementor-top-section elementor-element elementor-element-6b273a5 elementor-section-boxed elementor-section-height-default elementor-section-height-default\" data-id=\"6b273a5\" data-element_type=\"section\" data-e-type=\"section\">\n\t\t\t\t\t\t<div class=\"elementor-container elementor-column-gap-default\">\n\t\t\t\t\t<div class=\"elementor-column elementor-col-100 elementor-top-column elementor-element elementor-element-b2aa0a4\" data-id=\"b2aa0a4\" data-element_type=\"column\" data-e-type=\"column\">\n\t\t\t<div class=\"elementor-widget-wrap elementor-element-populated\">\n\t\t\t\t\t\t<div class=\"elementor-element elementor-element-f2d8500 elementor-widget elementor-widget-text-editor\" data-id=\"f2d8500\" data-element_type=\"widget\" data-e-type=\"widget\" data-widget_type=\"text-editor.default\">\n\t\t\t\t\t\t\t\t\t<p style=\"text-align: center;\"><div id=\"metaslider-id-205\" style=\"width: 100%;\" class=\"ml-slider-3-105-0 metaslider metaslider-flex metaslider-205 ml-slider has-dots-nav ms-theme-default-base\" role=\"region\" aria-label=\"Recifs\" data-height=\"300\" data-width=\"700\">\n    <div id=\"metaslider_container_205\">\n        <div id=\"metaslider_205\">\n            <ul aria-live='off' class='slides'>\n                <li style=\"display: block; width: 100%;\" class=\"slide-206 ms-image \" aria-roledescription=\"slide\" data-date=\"2026-01-21 16:10:37\" data-filename=\"Vue-d-ensemble-700x300.png\" data-slide-type=\"image\"><img fetchpriority=\"high\" decoding=\"async\" src=\"https:\/\/recifs.net\/wp-content\/uploads\/2026\/01\/Vue-d-ensemble-700x300.png\" height=\"300\" width=\"700\" alt=\"\" class=\"slider-205 slide-206 msDefaultImage\" title=\"Vue d ensemble\" \/><\/li>\n                <li style=\"display: none; width: 100%;\" class=\"slide-207 ms-image \" aria-roledescription=\"slide\" data-date=\"2026-01-21 16:10:37\" data-filename=\"Vue-2-scaled-700x300.png\" data-slide-type=\"image\"><img decoding=\"async\" src=\"https:\/\/recifs.net\/wp-content\/uploads\/2026\/01\/Vue-2-scaled-700x300.png\" height=\"300\" width=\"700\" alt=\"\" class=\"slider-205 slide-207 msDefaultImage\" title=\"Vue 2\" \/><\/li>\n                <li style=\"display: none; width: 100%;\" class=\"slide-230 ms-image \" aria-roledescription=\"slide\" data-date=\"2026-01-21 17:03:20\" data-filename=\"20250521_151403-700x300.jpg\" data-slide-type=\"image\"><img decoding=\"async\" src=\"https:\/\/recifs.net\/wp-content\/uploads\/2026\/01\/20250521_151403-700x300.jpg\" height=\"300\" width=\"700\" alt=\"\" class=\"slider-205 slide-230 msDefaultImage\" title=\"20250521_151403\" \/><\/li>\n                <li style=\"display: none; width: 100%;\" class=\"slide-231 ms-image \" aria-roledescription=\"slide\" data-date=\"2026-01-21 17:03:20\" data-filename=\"20251230_090905-700x300.jpg\" data-slide-type=\"image\"><img loading=\"lazy\" decoding=\"async\" src=\"https:\/\/recifs.net\/wp-content\/uploads\/2026\/01\/20251230_090905-700x300.jpg\" height=\"300\" width=\"700\" alt=\"\" class=\"slider-205 slide-231 msDefaultImage\" title=\"20251230_090905\" \/><\/li>\n                <li style=\"display: none; width: 100%;\" class=\"slide-232 ms-image \" aria-roledescription=\"slide\" data-date=\"2026-01-21 17:03:20\" data-filename=\"20251230_090928-700x300.jpg\" data-slide-type=\"image\"><img loading=\"lazy\" decoding=\"async\" src=\"https:\/\/recifs.net\/wp-content\/uploads\/2026\/01\/20251230_090928-700x300.jpg\" height=\"300\" width=\"700\" alt=\"\" class=\"slider-205 slide-232 msDefaultImage\" title=\"20251230_090928\" \/><\/li>\n                <li style=\"display: none; width: 100%;\" class=\"slide-233 ms-image \" aria-roledescription=\"slide\" data-date=\"2026-01-21 17:03:20\" data-filename=\"20251230_090932-700x300.jpg\" data-slide-type=\"image\"><img loading=\"lazy\" decoding=\"async\" src=\"https:\/\/recifs.net\/wp-content\/uploads\/2026\/01\/20251230_090932-700x300.jpg\" height=\"300\" width=\"700\" alt=\"\" class=\"slider-205 slide-233 msDefaultImage\" title=\"20251230_090932\" \/><\/li>\n                <li style=\"display: none; width: 100%;\" class=\"slide-234 ms-image \" aria-roledescription=\"slide\" data-date=\"2026-01-21 17:03:20\" data-filename=\"20250202_155244-700x300.jpg\" data-slide-type=\"image\"><img loading=\"lazy\" decoding=\"async\" src=\"https:\/\/recifs.net\/wp-content\/uploads\/2026\/01\/20250202_155244-700x300.jpg\" height=\"300\" width=\"700\" alt=\"\" class=\"slider-205 slide-234 msDefaultImage\" title=\"20250202_155244\" \/><\/li>\n                <li style=\"display: none; width: 100%;\" class=\"slide-235 ms-image \" aria-roledescription=\"slide\" data-date=\"2026-01-21 17:03:20\" data-filename=\"20250202_155247-700x300.jpg\" data-slide-type=\"image\"><img loading=\"lazy\" decoding=\"async\" src=\"https:\/\/recifs.net\/wp-content\/uploads\/2026\/01\/20250202_155247-700x300.jpg\" height=\"300\" width=\"700\" alt=\"\" class=\"slider-205 slide-235 msDefaultImage\" title=\"20250202_155247\" \/><\/li>\n                <li style=\"display: none; width: 100%;\" class=\"slide-236 ms-image \" aria-roledescription=\"slide\" data-date=\"2026-01-21 17:03:21\" data-filename=\"20250202_155255-700x300.jpg\" data-slide-type=\"image\"><img loading=\"lazy\" decoding=\"async\" src=\"https:\/\/recifs.net\/wp-content\/uploads\/2026\/01\/20250202_155255-700x300.jpg\" height=\"300\" width=\"700\" alt=\"\" class=\"slider-205 slide-236 msDefaultImage\" title=\"20250202_155255\" \/><\/li>\n                <li style=\"display: none; width: 100%;\" class=\"slide-237 ms-image \" aria-roledescription=\"slide\" data-date=\"2026-01-21 17:03:21\" data-filename=\"20250202_155306-700x300.jpg\" data-slide-type=\"image\"><img loading=\"lazy\" decoding=\"async\" src=\"https:\/\/recifs.net\/wp-content\/uploads\/2026\/01\/20250202_155306-700x300.jpg\" height=\"300\" width=\"700\" alt=\"\" class=\"slider-205 slide-237 msDefaultImage\" title=\"20250202_155306\" \/><\/li>\n                <li style=\"display: none; width: 100%;\" class=\"slide-238 ms-image \" aria-roledescription=\"slide\" data-date=\"2026-01-21 17:03:21\" data-filename=\"20250202_155313-700x300.jpg\" data-slide-type=\"image\"><img loading=\"lazy\" decoding=\"async\" src=\"https:\/\/recifs.net\/wp-content\/uploads\/2026\/01\/20250202_155313-700x300.jpg\" height=\"300\" width=\"700\" alt=\"\" class=\"slider-205 slide-238 msDefaultImage\" title=\"20250202_155313\" \/><\/li>\n                <li style=\"display: none; width: 100%;\" class=\"slide-239 ms-image \" aria-roledescription=\"slide\" data-date=\"2026-01-21 17:03:21\" data-filename=\"20250521_151353-700x300.jpg\" data-slide-type=\"image\"><img loading=\"lazy\" decoding=\"async\" src=\"https:\/\/recifs.net\/wp-content\/uploads\/2026\/01\/20250521_151353-700x300.jpg\" height=\"300\" width=\"700\" alt=\"\" class=\"slider-205 slide-239 msDefaultImage\" title=\"20250521_151353\" \/><\/li>\n            <\/ul>\n        <\/div>\n        \n    <\/div>\n<\/div><\/p>\t\t\t\t\t\t\t\t<\/div>\n\t\t\t\t\t<\/div>\n\t\t<\/div>\n\t\t\t\t\t<\/div>\n\t\t<\/section>\n\t\t\t\t<\/div>\n\t\t","protected":false},"excerpt":{"rendered":"<p>Bienvenue sur mon site consacr\u00e9 \u00e0 l&rsquo;aquariophilie marine et r\u00e9cifale. \u00a0 Ce site est destin\u00e9 \u00e0 permettre des \u00e9changes entre aquariophiles ou passionn\u00e9s par la vie r\u00e9cifale.<\/p>\n","protected":false},"author":2,"featured_media":48,"parent":0,"menu_order":0,"comment_status":"open","ping_status":"closed","template":"","meta":{"footnotes":""},"class_list":["post-132","page","type-page","status-publish","has-post-thumbnail","hentry","entry","has-media"],"_links":{"self":[{"href":"https:\/\/recifs.net\/index.php?rest_route=\/wp\/v2\/pages\/132","targetHints":{"allow":["GET"]}}],"collection":[{"href":"https:\/\/recifs.net\/index.php?rest_route=\/wp\/v2\/pages"}],"about":[{"href":"https:\/\/recifs.net\/index.php?rest_route=\/wp\/v2\/types\/page"}],"author":[{"embeddable":true,"href":"https:\/\/recifs.net\/index.php?rest_route=\/wp\/v2\/users\/2"}],"replies":[{"embeddable":true,"href":"https:\/\/recifs.net\/index.php?rest_route=%2Fwp%2Fv2%2Fcomments&post=132"}],"version-history":[{"count":9,"href":"https:\/\/recifs.net\/index.php?rest_route=\/wp\/v2\/pages\/132\/revisions"}],"predecessor-version":[{"id":216,"href":"https:\/\/recifs.net\/index.php?rest_route=\/wp\/v2\/pages\/132\/revisions\/216"}],"wp:featuredmedia":[{"embeddable":true,"href":"https:\/\/recifs.net\/index.php?rest_route=\/"}],"wp:attachment":[{"href":"https:\/\/recifs.net\/index.php?rest_route=%2Fwp%2Fv2%2Fmedia&parent=132"}],"curies":[{"name":"wp","href":"https:\/\/api.w.org\/{rel}","templated":true}]}}